{"id":96,"date":"2025-07-14T00:47:49","date_gmt":"2025-07-14T00:47:49","guid":{"rendered":"https:\/\/gangsterismout.com\/?page_id=96"},"modified":"2025-07-14T01:15:04","modified_gmt":"2025-07-14T01:15:04","slug":"edgar-watson","status":"publish","type":"page","link":"https:\/\/gangsterismout.com\/?page_id=96","title":{"rendered":"Edgar Watson"},"content":{"rendered":"<p>Top Sinaloa cartel operative Edgar Watson-Olivarra met with the Sandher crime family again the week of August 21, 2024 in Kelowna. The thug is senior management and directly responsible for Sinaloa Cartel operations and multiple drug labs in B.C. The U.S. designated the Sinaloa Cartel as a terrorist organization. Canada has also designated the Sinaloa Cartel a terrorist organization in the Criminal Code. Edgar Watson-Olivarra is now considered a terrorist.<\/p>\n<p>It&#8217;s being reported that Chapito Iv\u00e1n Archivaldo Guzm\u00e1n Salazar is living in extreme fear due to increased U.S. heat.  The Mexican government&#8217;s offensive against his Sinaloa Cartel has resulted in the arrest of two key henchmen. Canobbio Inzunza &#8216;El G\u00fcerito&#8217; led fentanyl trafficking while Kevin Alonso Gil Acosta &#8216;El 200&#8217; was responsible for security. A $10m USD bounty is up for grabs for the first rat to finger him. Guzm\u00e1n &#8220;no longer sleeps&#8221; and is &#8220;betraying those closest to him, thinking they will betray him.&#8221;<\/p>\n<table>\n<tbody>\n<tr>\n<td><img loading=\"lazy\" decoding=\"async\" alt=\"\" border=\"0\" height=\"251\" src=\"https:\/\/blogger.googleusercontent.com\/img\/b\/R29vZ2xl\/AVvXsEh7KeepaJ2D3jMh-L4uyfG3Zadkq7-gKyl6fDCTgwt81zGfqSzCkN55XGRoGLwLyD-cojY4jxSZXio7K3SFExaziYFaN56s-vcxm29WRIFr2wpOZKYOEw-uRQJZWse8ElFDCcCTtIO0mPBi4KDcrgvuSLS_4lU9_t6k3X95fj1fwdh8wkJr8FjhdhhrfPw\/w180-h251\/ivanArchivaldoGuzmanSalazar.png\" width=\"180\" \/><\/td>\n<td><\/td>\n<td><img loading=\"lazy\" decoding=\"async\" alt=\"\" border=\"0\" height=\"238\" src=\"https:\/\/blogger.googleusercontent.com\/img\/b\/R29vZ2xl\/AVvXsEhMwsdLCvKi1536DovDc1IW4pb1qf9xFTy6SCSbS_uFGvTMcpcA7oA5-zilGsLME0MvzzSf07sgV_EKMHK7UDIrgmlXlJ6As0em1budrY3ELGjF06GxamdxlYiNCz05Vp8Z55hhV59NnTduKVVHXMrQSljD_BgPWXIOnmqdad3pVhsKo-HIPF02atqe-Hs\/w358-h238\/El-200-Ivan-Archibaldo-Guzman.webp\" width=\"358\" \/><\/td>\n<\/tr>\n<\/tbody>\n<\/table>\n<p>Jose Angel Canobbio Inzunza was arrested in the city of Culiac\u00e1n immediately. He was the right hand of Iv\u00e1n Archivaldo Guzm\u00e1n Salazar. Canobbio Inzunza was indicted by a Chicago grand jury in November for manufacturing cocaine, fentanyl and other drugs and importing them into the United States.<br \/>\n<img loading=\"lazy\" decoding=\"async\" alt=\"\" border=\"0\" height=\"246\" src=\"https:\/\/blogger.googleusercontent.com\/img\/b\/R29vZ2xl\/AVvXsEiHdOVW8uGKAVi_yrppdA-Fi9lXd5sqpjQnceLJx5eisPGqKNBL3G3yPYEHa5RyZ6bAfEHWcAnuUYiMzK6wHi0bu8NtHhOrB2iuLogXyJd9m5o47UdUmCe6y9Uk6JAsYchTbxgOmpQW4YKpxVzk-chi6j6LHIaOexACKyamqU-Bfq6bVADqZFaEt1OzzKI\/w629-h246\/AA1tZ003.png\" width=\"629\" \/><\/p>\n<table>\n<tbody>\n<tr>\n<td><img decoding=\"async\" alt=\"\" border=\"0\" src=\"https:\/\/blogger.googleusercontent.com\/img\/b\/R29vZ2xl\/AVvXsEjz53QbTxk5488ht5Y4Qc2ewuQz3g6ciZjOrn4L9GxffUiTLt700ZmQ8ZVHWpfj5PAvvUIfQ35bfakv5boOT39w59vwP7kIkjm8VZD2pag5aPiaFcU0dqu8DKYHrWbHo1qF5l-MuD00OjGz_yCt1PrWMgZFo0juvi05scbdc0b7qIjFmmqVRV3l4A5XT-k\/w293-h293\/DOJ_National_Security_Division_logo.png\" width=\"150\" \/><\/td>\n<td>  Anybody doing business with terrorist Edgar Watson stands to be investigated and potentially extradited to America for money laundering. Cops may start with the Sandhers.<img decoding=\"async\" alt=\"\" border=\"0\" src=\"https:\/\/blogger.googleusercontent.com\/img\/b\/R29vZ2xl\/AVvXsEhaQBMTSjsZhnzeRItJvlEcrqHed1SoCcMBYuJlF7lg87MASkk43cMtRM-DepXPll9QJTKSqOIfya8LY_gasZ4E-W7xwPZUTHJoZFcC0kYsCyGgLUGn3F4CKLoWaFuCR3Z4tMc5QXW5nsAfHfBNV7zcrwG893iZdIUJiG9O_fKVoqgA49979tUsnU_2hOI\/w527-h226\/Screenshot%202025-02-19%20140400.png\" width=\"400\" \/><\/td>\n<td><img decoding=\"async\" alt=\"\" border=\"0\"  src=\"https:\/\/blogger.googleusercontent.com\/img\/b\/R29vZ2xl\/AVvXsEhxa2kmOwemJ2b3p6ijbzirvw6kpAUdkyrJx7mtJkUgezwtzyZQmIYID5acdyhGqFnmEr2yagxT2iuVmLZoVmJtST-_PVbnYb9mHw2woqjXwjfatrKKsWsVYsy5NWPGDa0lKmXiIrdOjFTKmSNUC6q3KX6Br-p49o7Q1UTteYFmb4tDepu_yh33dTDMNsA\/w223-h287\/birsinghsandher-1-1.png\" width=\"150\" \/><br \/>Bir Singh Sandher<\/td>\n<\/tr>\n<\/tbody>\n<\/table>\n<p>Sinaloa Cartel thugs are already being extradited. Former leader of the Sinaloa drug cartel in Jua\u0301rez was extradited to El Paso from Mexico. Daniel Franco Lopez, 40, &#8216;Neon&#8217; was one of the leaders of the Gente Nueva, in Chihuahua. He will spend the rest of his life in <a href=\"https:\/\/gangsterismout.com\/2023\/09\/usp-florence-admax-of-rockies.html\" style=\"background-color: #fff2cc\" target=\"_blank\">Florence Admax<\/a> like El Chapo.<\/p>\n<table>\n<tbody>\n<tr>\n<td><img loading=\"lazy\" decoding=\"async\" alt=\"\" border=\"0\" height=\"290\" src=\"https:\/\/blogger.googleusercontent.com\/img\/b\/R29vZ2xl\/AVvXsEh0WR0L8w4UIoQnODFHHx0R363YrKSwzQv13o98RRVykf_kYEyS4Bshhzk7ZXKYtiTOQ0-pTC8r2AzREQ8Nr8iZPjZVhUBlNRcIe1n_6X6hBmAT_fMSpLeDjzk9j3E4lnnC6BVYUQYKbake7cD6DNJ_8DakdWj5xSucBDr_WNVJMQmH5VJONl0roN-bbDw\/w193-h290\/neon.png\" width=\"193\" \/> <\/td>\n<td><img loading=\"lazy\" decoding=\"async\" alt=\"\" border=\"0\" height=\"292\" src=\"https:\/\/blogger.googleusercontent.com\/img\/b\/R29vZ2xl\/AVvXsEjgiKSH8CG4Zujh4EP0MZFEWmaym4U6vAqRa9hej0KWYk9FtDWJxtNW4MrUDwj7cY7d0nil1C6__VTcJdZqIyIFtE6irgfBUi6gZWSHX64kA8FD49xnxM3IBTWdFs0IhUMJXAAFqmM1tMz5Z8ZCe5kO7Ndw1Lw6IFV9qYJ3UWCyXVDzNhIMFgo22t2uCLU\/w233-h292\/6.bmp\" width=\"233\" \/><\/td>\n<\/tr>\n<\/tbody>\n<\/table>\n<p>Edgar Watson is a former Mexican Marine who was never on the right side of the law.  He learned combat helicopter flying with the Marines. Watson tipped off drug raids for bribes that often exceeded a year\u2019s salary.  Watson soon worked for the Sinaloa Cartel full-time.<br \/>\n<img loading=\"lazy\" decoding=\"async\" alt=\"\" border=\"0\" height=\"222\" src=\"https:\/\/blogger.googleusercontent.com\/img\/b\/R29vZ2xl\/AVvXsEjxedJ2IOZjmY4ZQvqJV86OmjTAE5SOxMsWdGYu1EU0n7oVWxjRhJhegH6AGEWW5DEHPQXqc8_9N9qgbH8M_nmL622Y1UO0KcMTbZAmBy_1g4YKaFsZX4u-XEROHYtOPfo6DE9-HT05wdPqpoUYOKEJmCem9xl_t5UdQnF_b1-ri4d1domGbV-yokSKa1o\/w443-h222\/56743e9572f2c150028b6bef.webp\" width=\"443\" \/><br \/>\nAs well as being a cartel pilot, Edgar Watson was also an enforcer\/sicario. He protected cartel bosses and their lieutenants from enemies.<\/p>\n<table>\n<tbody>\n<tr>\n<td><img decoding=\"async\" src=\"https:\/\/gangsterismout.com\/wp-content\/uploads\/2025\/07\/65b809f6-6381-4997-a848-70a3fd4257d6-300x300.jpg\" alt=\"\" width=\"300\"  \/><\/td>\n<td> His loyalty to the cartel paid off. He was brought into Canada to manage Sinaloa affairs. Watson oversees much of Canada. When he sets foot in Canada he is the most senior Sinaloa gangster in the country. When disputes arise, it is Edgar Watson who resolves them, often using murder. Watson answers only to Iv\u00e1n Archivaldo Guzm\u00e1n Salazar.<\/td>\n<\/tr>\n<\/tbody>\n<\/table>\n<p>Chapito Iv\u00e1n Archivaldo Guzm\u00e1n Salazar is widely recognized as the current leader of the Sinaloa Cartel. Top level Sinaloa cartel operative Edgar Watson-Olivarra is a key member of the Sandher drug operation.<\/p>\n<table>\n<tbody>\n<tr>\n<td><img loading=\"lazy\" decoding=\"async\" alt=\"\" border=\"0\" height=\"372\" src=\"https:\/\/blogger.googleusercontent.com\/img\/b\/R29vZ2xl\/AVvXsEhUkmGn0s1h5z-hZWtjTeNwsComgLF1ldSOUPqR5JjvgSf67HEuuVJxJdsgjnCGI96PxyLv74LDO9BwwYp7zzSL1EsRJNyXuinsZHaVJGJu68RQjmKpNOOPgrAhhaW4gFSqUc0vJJ3H3wpGWSP9LXU4-l6ilkerpKctbTE822NZPyd8iN3uEPx2NcatHq0\/w287-h372\/IAGS_Wanted_Poster.jpg\" width=\"287\" \/><\/td>\n<td><\/td>\n<td><img loading=\"lazy\" decoding=\"async\" alt=\"\" border=\"0\" height=\"363\" src=\"https:\/\/blogger.googleusercontent.com\/img\/b\/R29vZ2xl\/AVvXsEheEo7WC0oiBtz5WAepRX-CWTCnrxEVVKjfdQt9Q4MJk_NbGBQC7uTXMEQ8anrzZuJbtsmt5SKjsIz-554QyC6GuXcWMT_36eKkuLlkp6M8uw02jR8PH5raJsSt1IQQrNPwgo71qcsYvQH0ouyfFPV8NeGfstqnGkScv-mUAXOAxqWq5-wziRVEIUNtjlw\/w541-h363\/ImageTransformer.jpeg\" width=\"541\" \/><\/td>\n<\/tr>\n<\/tbody>\n<\/table>\n<p>Sandher helicopter pilots were Sinaloa Cartel operatives, brought to work for the Sandher crime family under the Agricultural Stream Program. Edgar Watson was imported into Canada for the 2016, 2017, and 2018 seasons. The Sandhers have abused visa entry programs to import Sinaola Cartel gangsters into Canada for years. The other Sinaloa Cartel pilot was Roman Figueroa Ramirez. Both men are former Mexican Marines turned Sinaloa Cartel drug traffickers.<\/p>\n<table>\n<tbody>\n<tr>\n<td><img decoding=\"async\" src=\"https:\/\/gangsterismout.com\/wp-content\/uploads\/2025\/07\/0e90362c-c254-412c-b836-c001280c7f43-1-300x300.png\" alt=\"\" width=\"300\"\/><br \/>Edgar Watson <\/td>\n<td><img loading=\"lazy\" decoding=\"async\" alt=\"\" border=\"0\" height=\"261\" src=\"https:\/\/blogger.googleusercontent.com\/img\/b\/R29vZ2xl\/AVvXsEhihNp3o1o8REbNy6YJX_UWyKPPJ2VRMAAaAU4E3pAcrBOuPIdbVSq3JJ2JGhgFqzVVwVWKdNlAkDLzXrnvHk9ku1HPi4Mr0Q368S_3CNUFJ4nMmRKYCtxXec3t1-efLoy6uf3IBIWF3AM8HlC5kd1zWwCA8giyMAfdPT4tLFr_YggPexzecbHxZLIfgWk\/w465-h261\/maxresdefault.jpg\" width=\"465\" \/><\/td>\n<\/td>\n<\/tr>\n<\/tbody>\n<\/table>\n<table>\n<tr>\n<td><img loading=\"lazy\" decoding=\"async\" src=\"https:\/\/gangsterismout.com\/wp-content\/uploads\/2025\/07\/lmia1-226x300.webp\" alt=\"\" width=\"226\" height=\"300\" class=\"alignnone size-medium wp-image-111\" srcset=\"https:\/\/gangsterismout.com\/wp-content\/uploads\/2025\/07\/lmia1-226x300.webp 226w, https:\/\/gangsterismout.com\/wp-content\/uploads\/2025\/07\/lmia1-771x1024.webp 771w, https:\/\/gangsterismout.com\/wp-content\/uploads\/2025\/07\/lmia1-768x1020.webp 768w, https:\/\/gangsterismout.com\/wp-content\/uploads\/2025\/07\/lmia1-1157x1536.webp 1157w, https:\/\/gangsterismout.com\/wp-content\/uploads\/2025\/07\/lmia1.webp 1542w\" sizes=\"auto, (max-width: 226px) 100vw, 226px\" \/><\/td>\n<td>\n<img loading=\"lazy\" decoding=\"async\" src=\"https:\/\/gangsterismout.com\/wp-content\/uploads\/2025\/07\/lmia2-226x300.webp\" alt=\"\" width=\"226\" height=\"300\" class=\"alignnone size-medium wp-image-112\" srcset=\"https:\/\/gangsterismout.com\/wp-content\/uploads\/2025\/07\/lmia2-226x300.webp 226w, https:\/\/gangsterismout.com\/wp-content\/uploads\/2025\/07\/lmia2-771x1024.webp 771w, https:\/\/gangsterismout.com\/wp-content\/uploads\/2025\/07\/lmia2-768x1020.webp 768w, https:\/\/gangsterismout.com\/wp-content\/uploads\/2025\/07\/lmia2-1157x1536.webp 1157w, https:\/\/gangsterismout.com\/wp-content\/uploads\/2025\/07\/lmia2.webp 1542w\" sizes=\"auto, (max-width: 226px) 100vw, 226px\" \/><\/td>\n<\/tr>\n<\/table>\n<p><img loading=\"lazy\" decoding=\"async\" src=\"https:\/\/gangsterismout.com\/wp-content\/uploads\/2025\/07\/lmia3-771x1024.webp\" alt=\"\" width=\"771\" height=\"1024\" class=\"alignnone size-large wp-image-113\" srcset=\"https:\/\/gangsterismout.com\/wp-content\/uploads\/2025\/07\/lmia3-771x1024.webp 771w, https:\/\/gangsterismout.com\/wp-content\/uploads\/2025\/07\/lmia3-226x300.webp 226w, https:\/\/gangsterismout.com\/wp-content\/uploads\/2025\/07\/lmia3-768x1020.webp 768w, https:\/\/gangsterismout.com\/wp-content\/uploads\/2025\/07\/lmia3-1157x1536.webp 1157w, https:\/\/gangsterismout.com\/wp-content\/uploads\/2025\/07\/lmia3.webp 1542w\" sizes=\"auto, (max-width: 771px) 100vw, 771px\" \/><br \/>\nEdgar Watson is seeking permanent residency in Canada, sponsored by his mother, Canadian permanent resident the black witch.<br \/>\nSami El-Helou is a key financial intermediary and decision maker. Gurtaj Singh Sandher and Edgar Watson are closely linked to Sami El-Helou. The trio are tied to Sinaloa Cartel drug business at the highest levels in Canada.<\/p>\n<table>\n<tbody>\n<tr>\n<td><img decoding=\"async\" src=\"https:\/\/gangsterismout.com\/wp-content\/uploads\/2025\/07\/sami-el-helou.webp\" alt=\"\" width=\"320\" \/><br \/>Sami El-Helou<\/td>\n<td><img decoding=\"async\" alt=\"\" border=\"0\" height=\"320\" src=\"https:\/\/blogger.googleusercontent.com\/img\/b\/R29vZ2xl\/AVvXsEgnl3gcn2lU7B_9yMflcbwu7KuUFkFNXp_MGtjFYBXd9gNsBTyVJsQWuM8OxTgherPf5d5RqVMRuFlsOgQyi-u7gwVQil1fspHWuH_5UnhzhSE4CEAoda8EDkRp-vQ-ixVYscN4_LKm4JeNQGS_hobdYD10gc9vAcNI7eMc8-rkp6pbI7xmGimmU80GT0g\/s320\/Gurtaj%20Singh%20Sandher.png\" \/><\/td>\n<\/tr>\n<\/tbody>\n<\/table>\n<\/td>\n<\/tr>\n<\/tbody>\n<\/table>\n<p>Edgar Watson\u2019s mother the Black Witch works full-time for the Sinaloa Cartel and has for years. She resides in the Lower Mainland.<\/p>\n<table class=\"has-fixed-layout\">\n<tbody>\n<tr>\n<td><img decoding=\"async\" src=\"https:\/\/blogger.googleusercontent.com\/img\/b\/R29vZ2xl\/AVvXsEjgiKSH8CG4Zujh4EP0MZFEWmaym4U6vAqRa9hej0KWYk9FtDWJxtNW4MrUDwj7cY7d0nil1C6__VTcJdZqIyIFtE6irgfBUi6gZWSHX64kA8FD49xnxM3IBTWdFs0IhUMJXAAFqmM1tMz5Z8ZCe5kO7Ndw1Lw6IFV9qYJ3UWCyXVDzNhIMFgo22t2uCLU\/w237-h298\/6.bmp\" width=\"220\"><\/td>\n<td><img decoding=\"async\" alt=\"\" src=\"https:\/\/gangsterismout.wordpress.com\/wp-content\/uploads\/2024\/07\/cartel_de_sinaloa.png\" width=\"440\" \/><\/td>\n<td><img loading=\"lazy\" decoding=\"async\" alt=\"\" border=\"0\" height=\"316\" src=\"https:\/\/blogger.googleusercontent.com\/img\/b\/R29vZ2xl\/AVvXsEifxVULFmRq-vW2YUyxEyrQZyO5toKJ3MlNSVbo9AVoSmLzJ6_HD5jzZZfeeYIsAvq_OeCCBc5ykoJ0HLPWn9AR0v0xmkksk4r4v0RHagPbdFaXUObYcNjM3YwmRoFCtZmpnZ5KWHz6saVUQsrUqM2dp_fr0n38wE7q9DRppkQRpUPofpaPLjyz15cLDfQ\/w316-h316\/ki.jpg\" width=\"316\" \/><br \/>Santa Muerte<\/td>\n<\/tr>\n<\/tbody>\n<\/table>\n","protected":false},"excerpt":{"rendered":"<p>Top Sinaloa cartel operative Edgar Watson-Olivarra met with the Sandher crime family again the week of August 21, 2024 in Kelowna. The thug is senior management and directly responsible for Sinaloa Cartel operations and multiple drug labs in B.C. The U.S. designated the Sinaloa Cartel as a terrorist organization. Canada has also designated the Sinaloa [&hellip;]<\/p>\n","protected":false},"author":1,"featured_media":98,"parent":0,"menu_order":0,"comment_status":"closed","ping_status":"closed","template":"","meta":{"_crdt_document":"","footnotes":""},"class_list":["post-96","page","type-page","status-publish","has-post-thumbnail","hentry"],"jetpack_sharing_enabled":true,"_links":{"self":[{"href":"https:\/\/gangsterismout.com\/index.php?rest_route=\/wp\/v2\/pages\/96","targetHints":{"allow":["GET"]}}],"collection":[{"href":"https:\/\/gangsterismout.com\/index.php?rest_route=\/wp\/v2\/pages"}],"about":[{"href":"https:\/\/gangsterismout.com\/index.php?rest_route=\/wp\/v2\/types\/page"}],"author":[{"embeddable":true,"href":"https:\/\/gangsterismout.com\/index.php?rest_route=\/wp\/v2\/users\/1"}],"replies":[{"embeddable":true,"href":"https:\/\/gangsterismout.com\/index.php?rest_route=%2Fwp%2Fv2%2Fcomments&post=96"}],"version-history":[{"count":15,"href":"https:\/\/gangsterismout.com\/index.php?rest_route=\/wp\/v2\/pages\/96\/revisions"}],"predecessor-version":[{"id":118,"href":"https:\/\/gangsterismout.com\/index.php?rest_route=\/wp\/v2\/pages\/96\/revisions\/118"}],"wp:featuredmedia":[{"embeddable":true,"href":"https:\/\/gangsterismout.com\/index.php?rest_route=\/wp\/v2\/media\/98"}],"wp:attachment":[{"href":"https:\/\/gangsterismout.com\/index.php?rest_route=%2Fwp%2Fv2%2Fmedia&parent=96"}],"curies":[{"name":"wp","href":"https:\/\/api.w.org\/{rel}","templated":true}]}}